{"id":564,"date":"2025-01-18T18:15:04","date_gmt":"2025-01-18T17:15:04","guid":{"rendered":"https:\/\/paroisse-auray-pluneret.fr\/?page_id=564"},"modified":"2025-01-22T19:19:18","modified_gmt":"2025-01-22T18:19:18","slug":"autre-a-completer","status":"publish","type":"page","link":"https:\/\/paroisse-auray-pluneret.fr\/index.php\/autre-a-completer\/","title":{"rendered":"Adultes"},"content":{"rendered":"\n<h2 class=\"wp-block-heading\">Formation, propositions adultes<\/h2>\n\n\n\n<p><a href=\"https:\/\/paroisse-auray-pluneret.fr\/index.php\/2025\/01\/21\/parcours-alpha\/\">Parcours Alpha<\/a><\/p>\n\n\n\n<p>Fraternit\u00e9s Paroissiales Missionnaires<\/p>\n\n\n\n<p>Formations sur les psaumes et les \u00e9vangiles&#8230;<\/p>\n\n\n\n<h2 class=\"wp-block-heading\">Spiritualit\u00e9<\/h2>\n\n\n\n<p>Groupes de pri\u00e8re<\/p>\n\n\n\n<p>\u00c9quipe du rosaire<\/p>\n\n\n\n<p>Lecture priante de la bible (Lectio Divina)<\/p>\n\n\n\n<p>Soir\u00e9es louange<\/p>\n\n\n\n<p><\/p>\n","protected":false},"excerpt":{"rendered":"<p>Formation, propositions adultes Parcours Alpha Fraternit\u00e9s Paroissiales Missionnaires Formations sur les psaumes et les \u00e9vangiles&#8230; Spiritualit\u00e9 Groupes de pri\u00e8re \u00c9quipe du rosaire Lecture priante de la bible (Lectio Divina) Soir\u00e9es louange<\/p>\n","protected":false},"author":2,"featured_media":0,"parent":0,"menu_order":0,"comment_status":"closed","ping_status":"closed","template":"","meta":{"_eb_attr":"","iawp_total_views":0,"footnotes":""},"class_list":["post-564","page","type-page","status-publish","hentry","entry"],"_links":{"self":[{"href":"https:\/\/paroisse-auray-pluneret.fr\/index.php\/wp-json\/wp\/v2\/pages\/564","targetHints":{"allow":["GET"]}}],"collection":[{"href":"https:\/\/paroisse-auray-pluneret.fr\/index.php\/wp-json\/wp\/v2\/pages"}],"about":[{"href":"https:\/\/paroisse-auray-pluneret.fr\/index.php\/wp-json\/wp\/v2\/types\/page"}],"author":[{"embeddable":true,"href":"https:\/\/paroisse-auray-pluneret.fr\/index.php\/wp-json\/wp\/v2\/users\/2"}],"replies":[{"embeddable":true,"href":"https:\/\/paroisse-auray-pluneret.fr\/index.php\/wp-json\/wp\/v2\/comments?post=564"}],"version-history":[{"count":10,"href":"https:\/\/paroisse-auray-pluneret.fr\/index.php\/wp-json\/wp\/v2\/pages\/564\/revisions"}],"predecessor-version":[{"id":1093,"href":"https:\/\/paroisse-auray-pluneret.fr\/index.php\/wp-json\/wp\/v2\/pages\/564\/revisions\/1093"}],"wp:attachment":[{"href":"https:\/\/paroisse-auray-pluneret.fr\/index.php\/wp-json\/wp\/v2\/media?parent=564"}],"curies":[{"name":"wp","href":"https:\/\/api.w.org\/{rel}","templated":true}]}}