{"id":471,"date":"2025-01-14T16:41:54","date_gmt":"2025-01-14T15:41:54","guid":{"rendered":"https:\/\/paroisse-auray-pluneret.fr\/?page_id=471"},"modified":"2025-01-14T16:43:29","modified_gmt":"2025-01-14T15:43:29","slug":"donner-un-coup-de-main","status":"publish","type":"page","link":"https:\/\/paroisse-auray-pluneret.fr\/index.php\/donner-un-coup-de-main\/","title":{"rendered":"Donner un coup de main&#8230;"},"content":{"rendered":"\n<p class=\"has-foreground-background-color has-background\">\u00ab\u00a0L&rsquo;\u00e9glise : c&rsquo;est nous !\u00a0\u00bb : chacun peut y contribuer, avec ses aspirations, ses talents. Et moi ?<\/p>\n\n\n\n<p>Liste non exhaustive des besoins : <\/p>\n\n\n\n<ul class=\"wp-block-list\">\n<li>Accueillir au presbyt\u00e8re<\/li>\n\n\n\n<li>Pr\u00e9parer au bapt\u00eame des jeunes enfants<\/li>\n\n\n\n<li>Pr\u00e9parer les couples au mariage<\/li>\n\n\n\n<li>Accompagner les cat\u00e9chum\u00e8nes (bapt\u00eames d\u2019adultes)<\/li>\n\n\n\n<li>Pr\u00e9parer les messes (choix des chants\u2026)<\/li>\n\n\n\n<li>Animer les chants \u00e0 la messe<\/li>\n\n\n\n<li>Lire \u00e0 la messe<\/li>\n\n\n\n<li>Servir la messe, enfants ou adultes,<\/li>\n\n\n\n<li>Accompagner les familles en deuil, aider aux obs\u00e8ques<\/li>\n\n\n\n<li>D\u00e9corer l\u2019\u00e9glise (fleurs), la garder propre, accueillante<\/li>\n\n\n\n<li>Jouer de l\u2019orgue ou autre instrument<\/li>\n\n\n\n<li>\u00c9veiller la foi des petits pendant la messe<\/li>\n\n\n\n<li>Animer une \u00e9quipe de cat\u00e9 ou d\u2019aum\u00f4nerie<\/li>\n\n\n\n<li>Accompagner des enfants ou jeunes dans des \u00e9quipes<\/li>\n\n\n\n<li>Aider aux parcours Alpha<\/li>\n\n\n\n<li>Aider \u00e0 la communication (bulletin paroissial, site internet\u2026)<\/li>\n\n\n\n<li>Visiter les malades (h\u00f4pital ou domicile)<\/li>\n\n\n\n<li>Accompagner les personnes de la rue<\/li>\n\n\n\n<li>Participer aux travaux et \u00e0 l\u2019entretien des b\u00e2timents de la paroisse<\/li>\n\n\n\n<li>et encore&#8230;<\/li>\n<\/ul>\n\n\n\n<div class=\"wp-block-buttons alignwide is-content-justification-center is-layout-flex wp-container-core-buttons-is-layout-a89b3969 wp-block-buttons-is-layout-flex\">\n<div class=\"wp-block-button has-custom-width wp-block-button__width-50\"><a class=\"wp-block-button__link wp-element-button\" href=\"https:\/\/paroisse-auray-pluneret.fr\/index.php\/formulaire-de-contact\/\" target=\"_blank\" rel=\"noreferrer noopener\">Appelez au <em>02 97 24 04 64<\/em> ou \u00c9crivez nous en cliquant ici<\/a><\/div>\n<\/div>\n\n\n\n<p><\/p>\n","protected":false},"excerpt":{"rendered":"<p>\u00ab\u00a0L&rsquo;\u00e9glise : c&rsquo;est nous !\u00a0\u00bb : chacun peut y contribuer, avec ses aspirations, ses talents. Et moi ? Liste non exhaustive des besoins :<\/p>\n","protected":false},"author":2,"featured_media":0,"parent":0,"menu_order":0,"comment_status":"closed","ping_status":"closed","template":"","meta":{"_eb_attr":"","iawp_total_views":46,"footnotes":""},"class_list":["post-471","page","type-page","status-publish","hentry","entry"],"_links":{"self":[{"href":"https:\/\/paroisse-auray-pluneret.fr\/index.php\/wp-json\/wp\/v2\/pages\/471","targetHints":{"allow":["GET"]}}],"collection":[{"href":"https:\/\/paroisse-auray-pluneret.fr\/index.php\/wp-json\/wp\/v2\/pages"}],"about":[{"href":"https:\/\/paroisse-auray-pluneret.fr\/index.php\/wp-json\/wp\/v2\/types\/page"}],"author":[{"embeddable":true,"href":"https:\/\/paroisse-auray-pluneret.fr\/index.php\/wp-json\/wp\/v2\/users\/2"}],"replies":[{"embeddable":true,"href":"https:\/\/paroisse-auray-pluneret.fr\/index.php\/wp-json\/wp\/v2\/comments?post=471"}],"version-history":[{"count":2,"href":"https:\/\/paroisse-auray-pluneret.fr\/index.php\/wp-json\/wp\/v2\/pages\/471\/revisions"}],"predecessor-version":[{"id":474,"href":"https:\/\/paroisse-auray-pluneret.fr\/index.php\/wp-json\/wp\/v2\/pages\/471\/revisions\/474"}],"wp:attachment":[{"href":"https:\/\/paroisse-auray-pluneret.fr\/index.php\/wp-json\/wp\/v2\/media?parent=471"}],"curies":[{"name":"wp","href":"https:\/\/api.w.org\/{rel}","templated":true}]}}