{"id":377,"date":"2025-01-13T16:02:02","date_gmt":"2025-01-13T15:02:02","guid":{"rendered":"https:\/\/paroisse-auray-pluneret.fr\/?page_id=377"},"modified":"2025-01-29T08:19:50","modified_gmt":"2025-01-29T07:19:50","slug":"eglise-st-sauveur-a-st-goustan","status":"publish","type":"page","link":"https:\/\/paroisse-auray-pluneret.fr\/index.php\/eglise-st-sauveur-a-st-goustan\/","title":{"rendered":"Eglise St Sauveur (\u00e0 St Goustan)"},"content":{"rendered":"\n<p>Dans ce quartier, tout est d\u00e9volu \u00e0 St Goustan&nbsp;: la paroisse, l\u2019\u00e9glise, le port et m\u00eame le pont. Mais pourquoi donc ?<\/p>\n\n\n\n<p>Goustan est n\u00e9 en 971 en Cornouaille de Grande Bretagne. Marin, il devient, de gr\u00e9 ou de force, flibustier et pille et ran\u00e7onne jusqu\u2019au jour o\u00f9 il est bless\u00e9 gravement \u00e0 une jambe et se trouve immobilis\u00e9 et rejet\u00e9 par ses comp\u00e8res sur l\u2019\u00eele d\u2019Ossa, c\u2019est-\u00e0-dire Houat ou Ouessant.<\/p>\n\n\n\n<p>La situation du pauvre Goustan n&rsquo;est gu\u00e8re enviable : il est seul sur son \u00eele et ne peut se d\u00e9placer. Mais la Providence est l\u00e0, chaque jour un poisson s\u2019\u00e9choue \u00e0 ses pieds ce qui lui permet de survivre.<\/p>\n\n\n<div class=\"wp-block-image\">\n<figure class=\"aligncenter size-full\"><img loading=\"lazy\" decoding=\"async\" width=\"194\" height=\"458\" src=\"https:\/\/paroisse-auray-pluneret.fr\/wp-content\/uploads\/2025\/01\/image-6.png\" alt=\"\" class=\"wp-image-521\" srcset=\"https:\/\/paroisse-auray-pluneret.fr\/wp-content\/uploads\/2025\/01\/image-6.png 194w, https:\/\/paroisse-auray-pluneret.fr\/wp-content\/uploads\/2025\/01\/image-6-127x300.png 127w\" sizes=\"auto, (max-width: 194px) 100vw, 194px\" \/><\/figure>\n<\/div>\n\n\n<p>Apr\u00e8s quelques jours de d\u00e9tresse, Saint-F\u00e9lix, un Ouessantin vient \u00e0 passer et d\u00e9couvre l\u2019infortun\u00e9 marin. Tel le bon samaritain, il le soigne, le r\u00e9conforte puis le conduit jusqu&rsquo;\u00e0 son ermitage.<\/p>\n\n\n\n<p>Goustan est rapidement conquis par la charit\u00e9 et par toutes les vertus de son sauveteur qui progressivement et patiemment l\u2019instruit, l\u2019\u00e9duque et, finalement, le convertit \u00e0 la foi au Christ et il le baptise.<\/p>\n\n\n\n<p>La conversion de Goustan est totale, et le pirate converti, inond\u00e9 par la gr\u00e2ce et l&rsquo;amour du Seigneur, r\u00e9clame avec insistance \u00e0 F\u00e9lix, de l&rsquo;accepter au nombre des fils de Saint-Beno\u00eet. Goustan re\u00e7oit ainsi la coule et deviens moine.<\/p>\n\n\n\n<p>Le plus fervent, le plus pieux, le plus ob\u00e9issant, le plus humble des moines du Saint-P\u00e8re Abb\u00e9 F\u00e9lix !<\/p>\n\n\n\n<p>En 1008, \u00e0 la demande du Duc de Bretagne, F\u00e9lix et Goustan s\u2019installent \u00e0 St Gildas de Rhuys pour reb\u00e2tir l\u2019abbaye d\u00e9vast\u00e9e par les vikings.<\/p>\n\n\n\n<p>Le temps passe, Goustan progresse dans la voie de la perfection. Sa saintet\u00e9 \u00e9clate aux yeux de tous et sa sagesse est telle qu\u2019il est choisi par Don Vital, le nouvel Abb\u00e9, pour \u00eatre son conseiller et son plus proche assistant.<\/p>\n\n\n\n<p>En 1040, on lui confie une ultime mission \u00e0 Beauvoir pr\u00e8s de Noirmoutier.<\/p>\n\n\n\n<p>C\u2019est l\u00e0 que Goustan, l&rsquo;ancien flibustier, Goustan l&rsquo;ami des petites gens, tout sp\u00e9cialement du petit peuple des p\u00eacheurs et des marins, Goustan l&rsquo;amoureux de la mer, des poissons et des oiseaux, le bon, le fervent, le vertueux Goustan rend son \u00e2me au Seigneur.<\/p>\n\n\n\n<p>Encore quelques temps et on en fera, apr\u00e8s Saint-Pierre, le patron des marins et des p\u00eacheurs.<\/p>\n\n\n\n<p>C\u2019est \u00e0 ce titre qu\u2019il deviendra le second patron de notre paroisse Saint-Sauveur et le saint \u00e9ponyme de notre charmant petit port, o\u00f9 tout, au fil du temps, lui sera d\u00e9volu.<\/p>\n\n\n<div class=\"wp-block-image\">\n<figure class=\"aligncenter size-full\"><img loading=\"lazy\" decoding=\"async\" width=\"219\" height=\"404\" src=\"https:\/\/paroisse-auray-pluneret.fr\/wp-content\/uploads\/2025\/01\/image-7.png\" alt=\"\" class=\"wp-image-522\" srcset=\"https:\/\/paroisse-auray-pluneret.fr\/wp-content\/uploads\/2025\/01\/image-7.png 219w, https:\/\/paroisse-auray-pluneret.fr\/wp-content\/uploads\/2025\/01\/image-7-163x300.png 163w\" sizes=\"auto, (max-width: 219px) 100vw, 219px\" \/><\/figure>\n<\/div>\n\n\n<p><\/p>\n","protected":false},"excerpt":{"rendered":"<p>Dans ce quartier, tout est d\u00e9volu \u00e0 St Goustan&nbsp;: la paroisse, l\u2019\u00e9glise, le port et m\u00eame le pont. Mais pourquoi donc ? Goustan est n\u00e9 en 971 en Cornouaille de Grande Bretagne. Marin, il devient, de gr\u00e9 ou de force, flibustier et pille et ran\u00e7onne jusqu\u2019au jour o\u00f9 il est bless\u00e9 gravement \u00e0 une jambe<a class=\"more-link\" href=\"https:\/\/paroisse-auray-pluneret.fr\/index.php\/eglise-st-sauveur-a-st-goustan\/\">Lire la suite <span class=\"screen-reader-text\">\u00ab\u00a0Eglise St Sauveur (\u00e0 St Goustan)\u00a0\u00bb<\/span><\/a><\/p>\n","protected":false},"author":2,"featured_media":0,"parent":0,"menu_order":0,"comment_status":"closed","ping_status":"closed","template":"","meta":{"_eb_attr":"","iawp_total_views":108,"footnotes":""},"class_list":["post-377","page","type-page","status-publish","hentry","entry"],"_links":{"self":[{"href":"https:\/\/paroisse-auray-pluneret.fr\/index.php\/wp-json\/wp\/v2\/pages\/377","targetHints":{"allow":["GET"]}}],"collection":[{"href":"https:\/\/paroisse-auray-pluneret.fr\/index.php\/wp-json\/wp\/v2\/pages"}],"about":[{"href":"https:\/\/paroisse-auray-pluneret.fr\/index.php\/wp-json\/wp\/v2\/types\/page"}],"author":[{"embeddable":true,"href":"https:\/\/paroisse-auray-pluneret.fr\/index.php\/wp-json\/wp\/v2\/users\/2"}],"replies":[{"embeddable":true,"href":"https:\/\/paroisse-auray-pluneret.fr\/index.php\/wp-json\/wp\/v2\/comments?post=377"}],"version-history":[{"count":6,"href":"https:\/\/paroisse-auray-pluneret.fr\/index.php\/wp-json\/wp\/v2\/pages\/377\/revisions"}],"predecessor-version":[{"id":767,"href":"https:\/\/paroisse-auray-pluneret.fr\/index.php\/wp-json\/wp\/v2\/pages\/377\/revisions\/767"}],"wp:attachment":[{"href":"https:\/\/paroisse-auray-pluneret.fr\/index.php\/wp-json\/wp\/v2\/media?parent=377"}],"curies":[{"name":"wp","href":"https:\/\/api.w.org\/{rel}","templated":true}]}}