{"id":265,"date":"2025-01-12T20:26:27","date_gmt":"2025-01-12T19:26:27","guid":{"rendered":"https:\/\/paroisse-auray-pluneret.fr\/?page_id=265"},"modified":"2025-02-28T16:23:12","modified_gmt":"2025-02-28T15:23:12","slug":"le-conseil-pastoral-paroissial","status":"publish","type":"page","link":"https:\/\/paroisse-auray-pluneret.fr\/index.php\/le-conseil-pastoral-paroissial\/","title":{"rendered":"le Conseil Pastoral Paroissial"},"content":{"rendered":"\n<p>Notre ensemble paroissial s\u2019est dot\u00e9 d\u2019un Conseil Pastoral Paroissial, dont les membres sont \u00e9lus ou coopt\u00e9s pour un mandat de 3 ans. Repr\u00e9sentatifs des diff\u00e9rentes r\u00e9alit\u00e9s locales, ces 17 membres refl\u00e8tent la vie de la communaut\u00e9 chr\u00e9tienne et participent \u00e0 son animation.<br>R\u00f4le et missions : le Conseil Pastoral Paroissial se fait l\u2019\u00e9cho de la vie de l\u2019ensemble paroissial et du monde qui l\u2019entoure, il choisit des questions \u00e0 traiter, il propose des orientations, il aide \u00e0 m\u00fbrir les projets qui lui sont confi\u00e9s.<br>Pr\u00e9sid\u00e9 par le cur\u00e9, membre de droit, le CPP a un r\u00f4le consultatif et il est en lien r\u00e9gulier avec l\u2019\u00c9quipe Pastorale.<br>Ses membres : <\/p>\n\n\n\n<ul class=\"wp-block-list has-small-font-size\">\n<li>P. Ga\u00ebtan Lucas : cur\u00e9<\/li>\n\n\n\n<li>Th\u00e9r\u00e8se Grasland : communaut\u00e9s religieuses<\/li>\n\n\n\n<li>Claude Philippe : diacre repr\u00e9sentant l\u2019\u00e9quipe pastorale<\/li>\n\n\n\n<li>Corinne Bros : pastorale des jeunes<\/li>\n\n\n\n<li>Constance Pierre : jeunes couples<\/li>\n\n\n\n<li>Dominique Mercuriot : retrait\u00e9s<\/li>\n\n\n\n<li>Brigitte Duch\u00eane : liturgie, pri\u00e8re et sacrements<\/li>\n\n\n\n<li>Sylvie Nabet : diaconie et pr\u00e9carit\u00e9<\/li>\n\n\n\n<li>Marie-Pierre G\u00e9nissel : pastorale de la sant\u00e9<\/li>\n\n\n\n<li>J\u00e9r\u00f4me Schreiber : enseignement coll\u00e8ges et lyc\u00e9es<\/li>\n\n\n\n<li>Val\u00e9rie Barb\u00e9 : enseignement \u00e9coles primaires<\/li>\n\n\n\n<li>Olivier Cr\u00e9n\u00e9guy : mouvements d\u2019adultes<\/li>\n\n\n\n<li>Jean Brousset : \u00c9glise Saint Gildas<\/li>\n\n\n\n<li>Clotilde Claverie : \u00c9glise Saint Sauveur \u00e0 Saint Goustan<\/li>\n\n\n\n<li>Danielle Davenel : \u00c9glise Charles de Blois<\/li>\n\n\n\n<li>Myriam Delahaye : \u00c9glise Saint Pierre et Saint Paul \u00e0 Pluneret<\/li>\n<\/ul>\n\n\n\n<p>Le Conseil s&rsquo;est dot\u00e9 d&rsquo;un bureau compos\u00e9 de : Val\u00e9rie Barb\u00e9, Jean Brousset, Olivier Cr\u00e9n\u00e9guy et le P. Ga\u00ebtan Lucas<\/p>\n","protected":false},"excerpt":{"rendered":"<p>Notre ensemble paroissial s\u2019est dot\u00e9 d\u2019un Conseil Pastoral Paroissial, dont les membres sont \u00e9lus ou coopt\u00e9s pour un mandat de 3 ans. Repr\u00e9sentatifs des diff\u00e9rentes r\u00e9alit\u00e9s locales, ces 17 membres refl\u00e8tent la vie de la communaut\u00e9 chr\u00e9tienne et participent \u00e0 son animation.R\u00f4le et missions : le Conseil Pastoral Paroissial se fait l\u2019\u00e9cho de la vie<a class=\"more-link\" href=\"https:\/\/paroisse-auray-pluneret.fr\/index.php\/le-conseil-pastoral-paroissial\/\">Lire la suite <span class=\"screen-reader-text\">\u00ab\u00a0le Conseil Pastoral Paroissial\u00a0\u00bb<\/span><\/a><\/p>\n","protected":false},"author":2,"featured_media":0,"parent":0,"menu_order":0,"comment_status":"closed","ping_status":"closed","template":"","meta":{"_eb_attr":"","iawp_total_views":81,"footnotes":""},"class_list":["post-265","page","type-page","status-publish","hentry","entry"],"_links":{"self":[{"href":"https:\/\/paroisse-auray-pluneret.fr\/index.php\/wp-json\/wp\/v2\/pages\/265","targetHints":{"allow":["GET"]}}],"collection":[{"href":"https:\/\/paroisse-auray-pluneret.fr\/index.php\/wp-json\/wp\/v2\/pages"}],"about":[{"href":"https:\/\/paroisse-auray-pluneret.fr\/index.php\/wp-json\/wp\/v2\/types\/page"}],"author":[{"embeddable":true,"href":"https:\/\/paroisse-auray-pluneret.fr\/index.php\/wp-json\/wp\/v2\/users\/2"}],"replies":[{"embeddable":true,"href":"https:\/\/paroisse-auray-pluneret.fr\/index.php\/wp-json\/wp\/v2\/comments?post=265"}],"version-history":[{"count":5,"href":"https:\/\/paroisse-auray-pluneret.fr\/index.php\/wp-json\/wp\/v2\/pages\/265\/revisions"}],"predecessor-version":[{"id":1095,"href":"https:\/\/paroisse-auray-pluneret.fr\/index.php\/wp-json\/wp\/v2\/pages\/265\/revisions\/1095"}],"wp:attachment":[{"href":"https:\/\/paroisse-auray-pluneret.fr\/index.php\/wp-json\/wp\/v2\/media?parent=265"}],"curies":[{"name":"wp","href":"https:\/\/api.w.org\/{rel}","templated":true}]}}