{"id":106,"date":"2025-01-09T21:25:41","date_gmt":"2025-01-09T20:25:41","guid":{"rendered":"https:\/\/paroisse-auray-pluneret.fr\/?page_id=106"},"modified":"2025-03-27T11:31:30","modified_gmt":"2025-03-27T10:31:30","slug":"offrir-une-messe","status":"publish","type":"page","link":"https:\/\/paroisse-auray-pluneret.fr\/index.php\/offrir-une-messe\/","title":{"rendered":"Offrir une messe"},"content":{"rendered":"\n<h3 class=\"wp-block-heading has-secondary-color has-text-color has-link-color wp-elements-39f703e49490de9cc688b7a3d6e9c25e\">Pourquoi ?<\/h3>\n\n\n\n<p>Toutes les personnes qui le souhaitent peuvent demander que soit c\u00e9l\u00e9br\u00e9e une messe pour des intentions particuli\u00e8res, pour :<\/p>\n\n\n\n<ul class=\"wp-block-list\">\n<li>remercier Dieu<\/li>\n\n\n\n<li>accompagner des proches dans tous les moments de la vie (joies, peines)<\/li>\n\n\n\n<li>les vivants ou les d\u00e9funts de la famille<\/li>\n\n\n\n<li>prier pour des jeunes mari\u00e9s, un anniversaire de mariage, etc<\/li>\n<\/ul>\n\n\n\n<figure class=\"wp-block-image size-large\"><img loading=\"lazy\" decoding=\"async\" width=\"1024\" height=\"693\" src=\"https:\/\/paroisse-auray-pluneret.fr\/wp-content\/uploads\/2025\/03\/image-2-1024x693.png\" alt=\"\" class=\"wp-image-1226\" srcset=\"https:\/\/paroisse-auray-pluneret.fr\/wp-content\/uploads\/2025\/03\/image-2-1024x693.png 1024w, https:\/\/paroisse-auray-pluneret.fr\/wp-content\/uploads\/2025\/03\/image-2-300x203.png 300w, https:\/\/paroisse-auray-pluneret.fr\/wp-content\/uploads\/2025\/03\/image-2-768x519.png 768w, https:\/\/paroisse-auray-pluneret.fr\/wp-content\/uploads\/2025\/03\/image-2.png 1072w\" sizes=\"auto, (max-width: 1024px) 100vw, 1024px\" \/><\/figure>\n\n\n\n<h3 class=\"wp-block-heading has-secondary-color has-text-color has-link-color wp-elements-97d027f383d405c97a563c0d8aedce2b\">Comment ?<\/h3>\n\n\n\n<p>La c\u00e9l\u00e9bration de la messe est un acte gratuit. Mais pour aider les pr\u00eatres \u00e0 vivre, l\u2019Eglise invite les fid\u00e8les qui demandent une intention de messe, \u00e0 l\u2019accompagner par une offrande. Le montant propos\u00e9 pour une intention de messe est de 18 \u20ac \u00e0 l\u2019ordre de \u00ab\u00a0Paroisse de Auray-Pluneret\u00a0\u00bb<\/p>\n\n\n\n<p>Si vous souhaitez choisir une date avant de verser votre offrande, n\u2019h\u00e9sitez pas \u00e0 contacter le presbyt\u00e8re 02 97 24 04 64.<\/p>\n","protected":false},"excerpt":{"rendered":"<p>Pourquoi ? Toutes les personnes qui le souhaitent peuvent demander que soit c\u00e9l\u00e9br\u00e9e une messe pour des intentions particuli\u00e8res, pour : Comment ? La c\u00e9l\u00e9bration de la messe est un acte gratuit. Mais pour aider les pr\u00eatres \u00e0 vivre, l\u2019Eglise invite les fid\u00e8les qui demandent une intention de messe, \u00e0 l\u2019accompagner par une offrande. Le<a class=\"more-link\" href=\"https:\/\/paroisse-auray-pluneret.fr\/index.php\/offrir-une-messe\/\">Lire la suite <span class=\"screen-reader-text\">\u00ab\u00a0Offrir une messe\u00a0\u00bb<\/span><\/a><\/p>\n","protected":false},"author":2,"featured_media":0,"parent":0,"menu_order":0,"comment_status":"closed","ping_status":"closed","template":"","meta":{"_eb_attr":"","iawp_total_views":42,"footnotes":""},"class_list":["post-106","page","type-page","status-publish","hentry","entry"],"_links":{"self":[{"href":"https:\/\/paroisse-auray-pluneret.fr\/index.php\/wp-json\/wp\/v2\/pages\/106","targetHints":{"allow":["GET"]}}],"collection":[{"href":"https:\/\/paroisse-auray-pluneret.fr\/index.php\/wp-json\/wp\/v2\/pages"}],"about":[{"href":"https:\/\/paroisse-auray-pluneret.fr\/index.php\/wp-json\/wp\/v2\/types\/page"}],"author":[{"embeddable":true,"href":"https:\/\/paroisse-auray-pluneret.fr\/index.php\/wp-json\/wp\/v2\/users\/2"}],"replies":[{"embeddable":true,"href":"https:\/\/paroisse-auray-pluneret.fr\/index.php\/wp-json\/wp\/v2\/comments?post=106"}],"version-history":[{"count":6,"href":"https:\/\/paroisse-auray-pluneret.fr\/index.php\/wp-json\/wp\/v2\/pages\/106\/revisions"}],"predecessor-version":[{"id":1227,"href":"https:\/\/paroisse-auray-pluneret.fr\/index.php\/wp-json\/wp\/v2\/pages\/106\/revisions\/1227"}],"wp:attachment":[{"href":"https:\/\/paroisse-auray-pluneret.fr\/index.php\/wp-json\/wp\/v2\/media?parent=106"}],"curies":[{"name":"wp","href":"https:\/\/api.w.org\/{rel}","templated":true}]}}